{"id":514,"date":"2021-03-08T21:21:19","date_gmt":"2021-03-08T20:21:19","guid":{"rendered":"https:\/\/mathias-pfuetzner.com\/sports-photographer\/"},"modified":"2023-02-02T11:13:48","modified_gmt":"2023-02-02T10:13:48","slug":"sports-photographer","status":"publish","type":"page","link":"https:\/\/mathias-pfuetzner.com\/en\/","title":{"rendered":"Sports photographer for creative advertising"},"content":{"rendered":"","protected":false},"excerpt":{"rendered":"","protected":false},"author":1,"featured_media":0,"parent":0,"menu_order":0,"comment_status":"closed","ping_status":"closed","template":"","meta":{"footnotes":""},"class_list":["post-514","page","type-page","status-publish","hentry"],"yoast_head":"<!-- This site is optimized with the Yoast SEO plugin v27.4 - https:\/\/yoast.com\/product\/yoast-seo-wordpress\/ -->\n<title>Sports photographer for creative advertising<\/title>\n<meta name=\"description\" content=\"The perfect image for advertising, athletes, associations, and clubs in Germany and worldwide.\" \/>\n<meta name=\"robots\" content=\"index, follow, max-snippet:-1, max-image-preview:large, max-video-preview:-1\" \/>\n<link rel=\"canonical\" href=\"https:\/\/mathias-pfuetzner.com\/en\/\" \/>\n<meta property=\"og:locale\" content=\"en_US\" \/>\n<meta property=\"og:type\" content=\"article\" \/>\n<meta property=\"og:title\" content=\"Sports photographer for creative advertising\" \/>\n<meta property=\"og:description\" content=\"The perfect image for advertising, athletes, associations, and clubs in Germany and worldwide.\" \/>\n<meta property=\"og:url\" content=\"https:\/\/mathias-pfuetzner.com\/en\/\" \/>\n<meta property=\"og:site_name\" content=\"Mathias Pf\u00fctzner Sportfotograf f\u00fcr kreative Werbung in Social Media und Print\" \/>\n<meta property=\"article:publisher\" content=\"https:\/\/www.facebook.com\/mathiaspfuetzner\" \/>\n<meta property=\"article:modified_time\" content=\"2023-02-02T10:13:48+00:00\" \/>\n<meta name=\"twitter:card\" content=\"summary_large_image\" \/>\n<script type=\"application\/ld+json\" class=\"yoast-schema-graph\">{\"@context\":\"https:\\\/\\\/schema.org\",\"@graph\":[{\"@type\":\"WebPage\",\"@id\":\"https:\\\/\\\/mathias-pfuetzner.com\\\/en\\\/\",\"url\":\"https:\\\/\\\/mathias-pfuetzner.com\\\/en\\\/\",\"name\":\"Sports photographer for creative advertising\",\"isPartOf\":{\"@id\":\"https:\\\/\\\/mathias-pfuetzner.com\\\/en\\\/#website\"},\"datePublished\":\"2021-03-08T20:21:19+00:00\",\"dateModified\":\"2023-02-02T10:13:48+00:00\",\"description\":\"The perfect image for advertising, athletes, associations, and clubs in Germany and worldwide.\",\"breadcrumb\":{\"@id\":\"https:\\\/\\\/mathias-pfuetzner.com\\\/en\\\/#breadcrumb\"},\"inLanguage\":\"en-US\",\"potentialAction\":[{\"@type\":\"ReadAction\",\"target\":[\"https:\\\/\\\/mathias-pfuetzner.com\\\/en\\\/\"]}]},{\"@type\":\"BreadcrumbList\",\"@id\":\"https:\\\/\\\/mathias-pfuetzner.com\\\/en\\\/#breadcrumb\",\"itemListElement\":[{\"@type\":\"ListItem\",\"position\":1,\"name\":\"Startseite\",\"item\":\"https:\\\/\\\/mathias-pfuetzner.com\\\/en\\\/\"},{\"@type\":\"ListItem\",\"position\":2,\"name\":\"Sports photographer for creative advertising\"}]},{\"@type\":\"WebSite\",\"@id\":\"https:\\\/\\\/mathias-pfuetzner.com\\\/en\\\/#website\",\"url\":\"https:\\\/\\\/mathias-pfuetzner.com\\\/en\\\/\",\"name\":\"Mathias Pf\u00fctzner Sportfotograf f\u00fcr kreative Werbung in Social Media und Print\",\"description\":\"Atemberaubende Sportbilder und Content-Produktion f\u00fcr kreative Werbung, Sportler, Verb\u00e4nde und Vereine in Deutschland und weltweit.\",\"publisher\":{\"@id\":\"https:\\\/\\\/mathias-pfuetzner.com\\\/en\\\/#organization\"},\"potentialAction\":[{\"@type\":\"SearchAction\",\"target\":{\"@type\":\"EntryPoint\",\"urlTemplate\":\"https:\\\/\\\/mathias-pfuetzner.com\\\/en\\\/?s={search_term_string}\"},\"query-input\":{\"@type\":\"PropertyValueSpecification\",\"valueRequired\":true,\"valueName\":\"search_term_string\"}}],\"inLanguage\":\"en-US\"},{\"@type\":\"Organization\",\"@id\":\"https:\\\/\\\/mathias-pfuetzner.com\\\/en\\\/#organization\",\"name\":\"Mathias Pf\u00fctzner\",\"url\":\"https:\\\/\\\/mathias-pfuetzner.com\\\/en\\\/\",\"logo\":{\"@type\":\"ImageObject\",\"inLanguage\":\"en-US\",\"@id\":\"https:\\\/\\\/mathias-pfuetzner.com\\\/en\\\/#\\\/schema\\\/logo\\\/image\\\/\",\"url\":\"https:\\\/\\\/mathias-pfuetzner.com\\\/wp-content\\\/uploads\\\/2022\\\/07\\\/Logo.png\",\"contentUrl\":\"https:\\\/\\\/mathias-pfuetzner.com\\\/wp-content\\\/uploads\\\/2022\\\/07\\\/Logo.png\",\"width\":70,\"height\":94,\"caption\":\"Mathias Pf\u00fctzner\"},\"image\":{\"@id\":\"https:\\\/\\\/mathias-pfuetzner.com\\\/en\\\/#\\\/schema\\\/logo\\\/image\\\/\"},\"sameAs\":[\"https:\\\/\\\/www.facebook.com\\\/mathiaspfuetzner\",\"https:\\\/\\\/instagram.com\\\/mathiaspfuetzner\",\"https:\\\/\\\/www.linkedin.com\\\/in\\\/mathiaspfuetzner\\\/\",\"https:\\\/\\\/www.pinterest.de\\\/mathiaspfuetzner\\\/\",\"https:\\\/\\\/www.youtube.com\\\/channel\\\/UCDXg8B22zu-gdZSjNHtvRBA\"]}]}<\/script>\n<!-- \/ Yoast SEO plugin. -->","yoast_head_json":{"title":"Sports photographer for creative advertising","description":"The perfect image for advertising, athletes, associations, and clubs in Germany and worldwide.","robots":{"index":"index","follow":"follow","max-snippet":"max-snippet:-1","max-image-preview":"max-image-preview:large","max-video-preview":"max-video-preview:-1"},"canonical":"https:\/\/mathias-pfuetzner.com\/en\/","og_locale":"en_US","og_type":"article","og_title":"Sports photographer for creative advertising","og_description":"The perfect image for advertising, athletes, associations, and clubs in Germany and worldwide.","og_url":"https:\/\/mathias-pfuetzner.com\/en\/","og_site_name":"Mathias Pf\u00fctzner Sportfotograf f\u00fcr kreative Werbung in Social Media und Print","article_publisher":"https:\/\/www.facebook.com\/mathiaspfuetzner","article_modified_time":"2023-02-02T10:13:48+00:00","twitter_card":"summary_large_image","schema":{"@context":"https:\/\/schema.org","@graph":[{"@type":"WebPage","@id":"https:\/\/mathias-pfuetzner.com\/en\/","url":"https:\/\/mathias-pfuetzner.com\/en\/","name":"Sports photographer for creative advertising","isPartOf":{"@id":"https:\/\/mathias-pfuetzner.com\/en\/#website"},"datePublished":"2021-03-08T20:21:19+00:00","dateModified":"2023-02-02T10:13:48+00:00","description":"The perfect image for advertising, athletes, associations, and clubs in Germany and worldwide.","breadcrumb":{"@id":"https:\/\/mathias-pfuetzner.com\/en\/#breadcrumb"},"inLanguage":"en-US","potentialAction":[{"@type":"ReadAction","target":["https:\/\/mathias-pfuetzner.com\/en\/"]}]},{"@type":"BreadcrumbList","@id":"https:\/\/mathias-pfuetzner.com\/en\/#breadcrumb","itemListElement":[{"@type":"ListItem","position":1,"name":"Startseite","item":"https:\/\/mathias-pfuetzner.com\/en\/"},{"@type":"ListItem","position":2,"name":"Sports photographer for creative advertising"}]},{"@type":"WebSite","@id":"https:\/\/mathias-pfuetzner.com\/en\/#website","url":"https:\/\/mathias-pfuetzner.com\/en\/","name":"Mathias Pf\u00fctzner Sportfotograf f\u00fcr kreative Werbung in Social Media und Print","description":"Atemberaubende Sportbilder und Content-Produktion f\u00fcr kreative Werbung, Sportler, Verb\u00e4nde und Vereine in Deutschland und weltweit.","publisher":{"@id":"https:\/\/mathias-pfuetzner.com\/en\/#organization"},"potentialAction":[{"@type":"SearchAction","target":{"@type":"EntryPoint","urlTemplate":"https:\/\/mathias-pfuetzner.com\/en\/?s={search_term_string}"},"query-input":{"@type":"PropertyValueSpecification","valueRequired":true,"valueName":"search_term_string"}}],"inLanguage":"en-US"},{"@type":"Organization","@id":"https:\/\/mathias-pfuetzner.com\/en\/#organization","name":"Mathias Pf\u00fctzner","url":"https:\/\/mathias-pfuetzner.com\/en\/","logo":{"@type":"ImageObject","inLanguage":"en-US","@id":"https:\/\/mathias-pfuetzner.com\/en\/#\/schema\/logo\/image\/","url":"https:\/\/mathias-pfuetzner.com\/wp-content\/uploads\/2022\/07\/Logo.png","contentUrl":"https:\/\/mathias-pfuetzner.com\/wp-content\/uploads\/2022\/07\/Logo.png","width":70,"height":94,"caption":"Mathias Pf\u00fctzner"},"image":{"@id":"https:\/\/mathias-pfuetzner.com\/en\/#\/schema\/logo\/image\/"},"sameAs":["https:\/\/www.facebook.com\/mathiaspfuetzner","https:\/\/instagram.com\/mathiaspfuetzner","https:\/\/www.linkedin.com\/in\/mathiaspfuetzner\/","https:\/\/www.pinterest.de\/mathiaspfuetzner\/","https:\/\/www.youtube.com\/channel\/UCDXg8B22zu-gdZSjNHtvRBA"]}]}},"_links":{"self":[{"href":"https:\/\/mathias-pfuetzner.com\/en\/wp-json\/wp\/v2\/pages\/514","targetHints":{"allow":["GET"]}}],"collection":[{"href":"https:\/\/mathias-pfuetzner.com\/en\/wp-json\/wp\/v2\/pages"}],"about":[{"href":"https:\/\/mathias-pfuetzner.com\/en\/wp-json\/wp\/v2\/types\/page"}],"author":[{"embeddable":true,"href":"https:\/\/mathias-pfuetzner.com\/en\/wp-json\/wp\/v2\/users\/1"}],"replies":[{"embeddable":true,"href":"https:\/\/mathias-pfuetzner.com\/en\/wp-json\/wp\/v2\/comments?post=514"}],"version-history":[{"count":2,"href":"https:\/\/mathias-pfuetzner.com\/en\/wp-json\/wp\/v2\/pages\/514\/revisions"}],"predecessor-version":[{"id":1033,"href":"https:\/\/mathias-pfuetzner.com\/en\/wp-json\/wp\/v2\/pages\/514\/revisions\/1033"}],"wp:attachment":[{"href":"https:\/\/mathias-pfuetzner.com\/en\/wp-json\/wp\/v2\/media?parent=514"}],"curies":[{"name":"wp","href":"https:\/\/api.w.org\/{rel}","templated":true}]}}