{"id":565,"date":"2021-03-08T21:29:31","date_gmt":"2021-03-08T20:29:31","guid":{"rendered":"https:\/\/mathias-pfuetzner.com\/about-me\/"},"modified":"2023-05-24T12:02:53","modified_gmt":"2023-05-24T10:02:53","slug":"about-me","status":"publish","type":"page","link":"https:\/\/mathias-pfuetzner.com\/en\/about-me\/","title":{"rendered":"About me"},"content":{"rendered":"","protected":false},"excerpt":{"rendered":"","protected":false},"author":1,"featured_media":1490,"parent":0,"menu_order":0,"comment_status":"closed","ping_status":"closed","template":"","meta":{"footnotes":""},"class_list":["post-565","page","type-page","status-publish","has-post-thumbnail","hentry"],"yoast_head":"<!-- This site is optimized with the Yoast SEO plugin v27.4 - https:\/\/yoast.com\/product\/yoast-seo-wordpress\/ -->\n<title>About Mathias Pf\u00fctzner: Sport &amp; Action Photographer<\/title>\n<meta name=\"description\" content=\"Learn more about Mathias Pf\u00fctzner, a professional photographer with a passion for sports, travel, and portrait photography.\" \/>\n<meta name=\"robots\" content=\"index, follow, max-snippet:-1, max-image-preview:large, max-video-preview:-1\" \/>\n<link rel=\"canonical\" href=\"https:\/\/mathias-pfuetzner.com\/en\/about-me\/\" \/>\n<meta property=\"og:locale\" content=\"en_US\" \/>\n<meta property=\"og:type\" content=\"article\" \/>\n<meta property=\"og:title\" content=\"About Mathias Pf\u00fctzner: Sport &amp; Action Photographer\" \/>\n<meta property=\"og:description\" content=\"Learn more about Mathias Pf\u00fctzner, a professional photographer with a passion for sports, travel, and portrait photography.\" \/>\n<meta property=\"og:url\" content=\"https:\/\/mathias-pfuetzner.com\/en\/about-me\/\" \/>\n<meta property=\"og:site_name\" content=\"Mathias Pf\u00fctzner Sportfotograf f\u00fcr kreative Werbung in Social Media und Print\" \/>\n<meta property=\"article:publisher\" content=\"https:\/\/www.facebook.com\/mathiaspfuetzner\" \/>\n<meta property=\"article:modified_time\" content=\"2023-05-24T10:02:53+00:00\" \/>\n<meta property=\"og:image\" content=\"https:\/\/mathias-pfuetzner.com\/wp-content\/uploads\/2023\/03\/top-view-notebook-camera-and-clapperboard-on-whit-2022-01-10-21-46-17-utc.jpg\" \/>\n\t<meta property=\"og:image:width\" content=\"640\" \/>\n\t<meta property=\"og:image:height\" content=\"427\" \/>\n\t<meta property=\"og:image:type\" content=\"image\/jpeg\" \/>\n<meta name=\"twitter:card\" content=\"summary_large_image\" \/>\n<script type=\"application\/ld+json\" class=\"yoast-schema-graph\">{\"@context\":\"https:\\\/\\\/schema.org\",\"@graph\":[{\"@type\":\"WebPage\",\"@id\":\"https:\\\/\\\/mathias-pfuetzner.com\\\/en\\\/about-me\\\/\",\"url\":\"https:\\\/\\\/mathias-pfuetzner.com\\\/en\\\/about-me\\\/\",\"name\":\"About Mathias Pf\u00fctzner: Sport & Action Photographer\",\"isPartOf\":{\"@id\":\"https:\\\/\\\/mathias-pfuetzner.com\\\/en\\\/#website\"},\"primaryImageOfPage\":{\"@id\":\"https:\\\/\\\/mathias-pfuetzner.com\\\/en\\\/about-me\\\/#primaryimage\"},\"image\":{\"@id\":\"https:\\\/\\\/mathias-pfuetzner.com\\\/en\\\/about-me\\\/#primaryimage\"},\"thumbnailUrl\":\"https:\\\/\\\/mathias-pfuetzner.com\\\/wp-content\\\/uploads\\\/2023\\\/03\\\/top-view-notebook-camera-and-clapperboard-on-whit-2022-01-10-21-46-17-utc.jpg\",\"datePublished\":\"2021-03-08T20:29:31+00:00\",\"dateModified\":\"2023-05-24T10:02:53+00:00\",\"description\":\"Learn more about Mathias Pf\u00fctzner, a professional photographer with a passion for sports, travel, and portrait photography.\",\"breadcrumb\":{\"@id\":\"https:\\\/\\\/mathias-pfuetzner.com\\\/en\\\/about-me\\\/#breadcrumb\"},\"inLanguage\":\"en-US\",\"potentialAction\":[{\"@type\":\"ReadAction\",\"target\":[\"https:\\\/\\\/mathias-pfuetzner.com\\\/en\\\/about-me\\\/\"]}]},{\"@type\":\"ImageObject\",\"inLanguage\":\"en-US\",\"@id\":\"https:\\\/\\\/mathias-pfuetzner.com\\\/en\\\/about-me\\\/#primaryimage\",\"url\":\"https:\\\/\\\/mathias-pfuetzner.com\\\/wp-content\\\/uploads\\\/2023\\\/03\\\/top-view-notebook-camera-and-clapperboard-on-whit-2022-01-10-21-46-17-utc.jpg\",\"contentUrl\":\"https:\\\/\\\/mathias-pfuetzner.com\\\/wp-content\\\/uploads\\\/2023\\\/03\\\/top-view-notebook-camera-and-clapperboard-on-whit-2022-01-10-21-46-17-utc.jpg\",\"width\":640,\"height\":427},{\"@type\":\"BreadcrumbList\",\"@id\":\"https:\\\/\\\/mathias-pfuetzner.com\\\/en\\\/about-me\\\/#breadcrumb\",\"itemListElement\":[{\"@type\":\"ListItem\",\"position\":1,\"name\":\"Startseite\",\"item\":\"https:\\\/\\\/mathias-pfuetzner.com\\\/en\\\/\"},{\"@type\":\"ListItem\",\"position\":2,\"name\":\"About me\"}]},{\"@type\":\"WebSite\",\"@id\":\"https:\\\/\\\/mathias-pfuetzner.com\\\/en\\\/#website\",\"url\":\"https:\\\/\\\/mathias-pfuetzner.com\\\/en\\\/\",\"name\":\"Mathias Pf\u00fctzner Sportfotograf f\u00fcr kreative Werbung in Social Media und Print\",\"description\":\"Atemberaubende Sportbilder und Content-Produktion f\u00fcr kreative Werbung, Sportler, Verb\u00e4nde und Vereine in Deutschland und weltweit.\",\"publisher\":{\"@id\":\"https:\\\/\\\/mathias-pfuetzner.com\\\/en\\\/#organization\"},\"potentialAction\":[{\"@type\":\"SearchAction\",\"target\":{\"@type\":\"EntryPoint\",\"urlTemplate\":\"https:\\\/\\\/mathias-pfuetzner.com\\\/en\\\/?s={search_term_string}\"},\"query-input\":{\"@type\":\"PropertyValueSpecification\",\"valueRequired\":true,\"valueName\":\"search_term_string\"}}],\"inLanguage\":\"en-US\"},{\"@type\":\"Organization\",\"@id\":\"https:\\\/\\\/mathias-pfuetzner.com\\\/en\\\/#organization\",\"name\":\"Mathias Pf\u00fctzner\",\"url\":\"https:\\\/\\\/mathias-pfuetzner.com\\\/en\\\/\",\"logo\":{\"@type\":\"ImageObject\",\"inLanguage\":\"en-US\",\"@id\":\"https:\\\/\\\/mathias-pfuetzner.com\\\/en\\\/#\\\/schema\\\/logo\\\/image\\\/\",\"url\":\"https:\\\/\\\/mathias-pfuetzner.com\\\/wp-content\\\/uploads\\\/2022\\\/07\\\/Logo.png\",\"contentUrl\":\"https:\\\/\\\/mathias-pfuetzner.com\\\/wp-content\\\/uploads\\\/2022\\\/07\\\/Logo.png\",\"width\":70,\"height\":94,\"caption\":\"Mathias Pf\u00fctzner\"},\"image\":{\"@id\":\"https:\\\/\\\/mathias-pfuetzner.com\\\/en\\\/#\\\/schema\\\/logo\\\/image\\\/\"},\"sameAs\":[\"https:\\\/\\\/www.facebook.com\\\/mathiaspfuetzner\",\"https:\\\/\\\/instagram.com\\\/mathiaspfuetzner\",\"https:\\\/\\\/www.linkedin.com\\\/in\\\/mathiaspfuetzner\\\/\",\"https:\\\/\\\/www.pinterest.de\\\/mathiaspfuetzner\\\/\",\"https:\\\/\\\/www.youtube.com\\\/channel\\\/UCDXg8B22zu-gdZSjNHtvRBA\"]}]}<\/script>\n<!-- \/ Yoast SEO plugin. -->","yoast_head_json":{"title":"About Mathias Pf\u00fctzner: Sport & Action Photographer","description":"Learn more about Mathias Pf\u00fctzner, a professional photographer with a passion for sports, travel, and portrait photography.","robots":{"index":"index","follow":"follow","max-snippet":"max-snippet:-1","max-image-preview":"max-image-preview:large","max-video-preview":"max-video-preview:-1"},"canonical":"https:\/\/mathias-pfuetzner.com\/en\/about-me\/","og_locale":"en_US","og_type":"article","og_title":"About Mathias Pf\u00fctzner: Sport & Action Photographer","og_description":"Learn more about Mathias Pf\u00fctzner, a professional photographer with a passion for sports, travel, and portrait photography.","og_url":"https:\/\/mathias-pfuetzner.com\/en\/about-me\/","og_site_name":"Mathias Pf\u00fctzner Sportfotograf f\u00fcr kreative Werbung in Social Media und Print","article_publisher":"https:\/\/www.facebook.com\/mathiaspfuetzner","article_modified_time":"2023-05-24T10:02:53+00:00","og_image":[{"width":640,"height":427,"url":"https:\/\/mathias-pfuetzner.com\/wp-content\/uploads\/2023\/03\/top-view-notebook-camera-and-clapperboard-on-whit-2022-01-10-21-46-17-utc.jpg","type":"image\/jpeg"}],"twitter_card":"summary_large_image","schema":{"@context":"https:\/\/schema.org","@graph":[{"@type":"WebPage","@id":"https:\/\/mathias-pfuetzner.com\/en\/about-me\/","url":"https:\/\/mathias-pfuetzner.com\/en\/about-me\/","name":"About Mathias Pf\u00fctzner: Sport & Action Photographer","isPartOf":{"@id":"https:\/\/mathias-pfuetzner.com\/en\/#website"},"primaryImageOfPage":{"@id":"https:\/\/mathias-pfuetzner.com\/en\/about-me\/#primaryimage"},"image":{"@id":"https:\/\/mathias-pfuetzner.com\/en\/about-me\/#primaryimage"},"thumbnailUrl":"https:\/\/mathias-pfuetzner.com\/wp-content\/uploads\/2023\/03\/top-view-notebook-camera-and-clapperboard-on-whit-2022-01-10-21-46-17-utc.jpg","datePublished":"2021-03-08T20:29:31+00:00","dateModified":"2023-05-24T10:02:53+00:00","description":"Learn more about Mathias Pf\u00fctzner, a professional photographer with a passion for sports, travel, and portrait photography.","breadcrumb":{"@id":"https:\/\/mathias-pfuetzner.com\/en\/about-me\/#breadcrumb"},"inLanguage":"en-US","potentialAction":[{"@type":"ReadAction","target":["https:\/\/mathias-pfuetzner.com\/en\/about-me\/"]}]},{"@type":"ImageObject","inLanguage":"en-US","@id":"https:\/\/mathias-pfuetzner.com\/en\/about-me\/#primaryimage","url":"https:\/\/mathias-pfuetzner.com\/wp-content\/uploads\/2023\/03\/top-view-notebook-camera-and-clapperboard-on-whit-2022-01-10-21-46-17-utc.jpg","contentUrl":"https:\/\/mathias-pfuetzner.com\/wp-content\/uploads\/2023\/03\/top-view-notebook-camera-and-clapperboard-on-whit-2022-01-10-21-46-17-utc.jpg","width":640,"height":427},{"@type":"BreadcrumbList","@id":"https:\/\/mathias-pfuetzner.com\/en\/about-me\/#breadcrumb","itemListElement":[{"@type":"ListItem","position":1,"name":"Startseite","item":"https:\/\/mathias-pfuetzner.com\/en\/"},{"@type":"ListItem","position":2,"name":"About me"}]},{"@type":"WebSite","@id":"https:\/\/mathias-pfuetzner.com\/en\/#website","url":"https:\/\/mathias-pfuetzner.com\/en\/","name":"Mathias Pf\u00fctzner Sportfotograf f\u00fcr kreative Werbung in Social Media und Print","description":"Atemberaubende Sportbilder und Content-Produktion f\u00fcr kreative Werbung, Sportler, Verb\u00e4nde und Vereine in Deutschland und weltweit.","publisher":{"@id":"https:\/\/mathias-pfuetzner.com\/en\/#organization"},"potentialAction":[{"@type":"SearchAction","target":{"@type":"EntryPoint","urlTemplate":"https:\/\/mathias-pfuetzner.com\/en\/?s={search_term_string}"},"query-input":{"@type":"PropertyValueSpecification","valueRequired":true,"valueName":"search_term_string"}}],"inLanguage":"en-US"},{"@type":"Organization","@id":"https:\/\/mathias-pfuetzner.com\/en\/#organization","name":"Mathias Pf\u00fctzner","url":"https:\/\/mathias-pfuetzner.com\/en\/","logo":{"@type":"ImageObject","inLanguage":"en-US","@id":"https:\/\/mathias-pfuetzner.com\/en\/#\/schema\/logo\/image\/","url":"https:\/\/mathias-pfuetzner.com\/wp-content\/uploads\/2022\/07\/Logo.png","contentUrl":"https:\/\/mathias-pfuetzner.com\/wp-content\/uploads\/2022\/07\/Logo.png","width":70,"height":94,"caption":"Mathias Pf\u00fctzner"},"image":{"@id":"https:\/\/mathias-pfuetzner.com\/en\/#\/schema\/logo\/image\/"},"sameAs":["https:\/\/www.facebook.com\/mathiaspfuetzner","https:\/\/instagram.com\/mathiaspfuetzner","https:\/\/www.linkedin.com\/in\/mathiaspfuetzner\/","https:\/\/www.pinterest.de\/mathiaspfuetzner\/","https:\/\/www.youtube.com\/channel\/UCDXg8B22zu-gdZSjNHtvRBA"]}]}},"_links":{"self":[{"href":"https:\/\/mathias-pfuetzner.com\/en\/wp-json\/wp\/v2\/pages\/565","targetHints":{"allow":["GET"]}}],"collection":[{"href":"https:\/\/mathias-pfuetzner.com\/en\/wp-json\/wp\/v2\/pages"}],"about":[{"href":"https:\/\/mathias-pfuetzner.com\/en\/wp-json\/wp\/v2\/types\/page"}],"author":[{"embeddable":true,"href":"https:\/\/mathias-pfuetzner.com\/en\/wp-json\/wp\/v2\/users\/1"}],"replies":[{"embeddable":true,"href":"https:\/\/mathias-pfuetzner.com\/en\/wp-json\/wp\/v2\/comments?post=565"}],"version-history":[{"count":1,"href":"https:\/\/mathias-pfuetzner.com\/en\/wp-json\/wp\/v2\/pages\/565\/revisions"}],"predecessor-version":[{"id":572,"href":"https:\/\/mathias-pfuetzner.com\/en\/wp-json\/wp\/v2\/pages\/565\/revisions\/572"}],"wp:featuredmedia":[{"embeddable":true,"href":"https:\/\/mathias-pfuetzner.com\/en\/wp-json\/wp\/v2\/media\/1490"}],"wp:attachment":[{"href":"https:\/\/mathias-pfuetzner.com\/en\/wp-json\/wp\/v2\/media?parent=565"}],"curies":[{"name":"wp","href":"https:\/\/api.w.org\/{rel}","templated":true}]}}