{"id":581,"date":"2021-03-08T22:32:37","date_gmt":"2021-03-08T21:32:37","guid":{"rendered":"https:\/\/mathias-pfuetzner.com\/service-benefits-that-you-receive-from-us\/"},"modified":"2023-05-06T23:14:33","modified_gmt":"2023-05-06T21:14:33","slug":"service-your-production-from-a-to-z","status":"publish","type":"page","link":"https:\/\/mathias-pfuetzner.com\/en\/service-your-production-from-a-to-z\/","title":{"rendered":"Service &#8211; Your production from a to z"},"content":{"rendered":"","protected":false},"excerpt":{"rendered":"","protected":false},"author":1,"featured_media":1344,"parent":0,"menu_order":0,"comment_status":"closed","ping_status":"closed","template":"","meta":{"footnotes":""},"class_list":["post-581","page","type-page","status-publish","has-post-thumbnail","hentry"],"yoast_head":"<!-- This site is optimized with the Yoast SEO plugin v27.4 - https:\/\/yoast.com\/product\/yoast-seo-wordpress\/ -->\n<title>Service - Your production from a to z<\/title>\n<meta name=\"description\" content=\"Explore Mathias Pf\u00fctzner&#039;s comprehensive production services, offering end-to-end solutions for your photography and videography needs, from planning to post-production.\" \/>\n<meta name=\"robots\" content=\"index, follow, max-snippet:-1, max-image-preview:large, max-video-preview:-1\" \/>\n<link rel=\"canonical\" href=\"https:\/\/mathias-pfuetzner.com\/en\/service-your-production-from-a-to-z\/\" \/>\n<meta property=\"og:locale\" content=\"en_US\" \/>\n<meta property=\"og:type\" content=\"article\" \/>\n<meta property=\"og:title\" content=\"Service - Your production from a to z\" \/>\n<meta property=\"og:description\" content=\"Explore Mathias Pf\u00fctzner&#039;s comprehensive production services, offering end-to-end solutions for your photography and videography needs, from planning to post-production.\" \/>\n<meta property=\"og:url\" content=\"https:\/\/mathias-pfuetzner.com\/en\/service-your-production-from-a-to-z\/\" \/>\n<meta property=\"og:site_name\" content=\"Mathias Pf\u00fctzner Sportfotograf f\u00fcr kreative Werbung in Social Media und Print\" \/>\n<meta property=\"article:publisher\" content=\"https:\/\/www.facebook.com\/mathiaspfuetzner\" \/>\n<meta property=\"article:modified_time\" content=\"2023-05-06T21:14:33+00:00\" \/>\n<meta property=\"og:image\" content=\"https:\/\/mathias-pfuetzner.com\/wp-content\/uploads\/2022\/11\/PhotoequipmentDigitalCameraFlashLightingFlashTriggerLEDMemoryCardCFSDMicroSDLensesTripodbatteryforHobbytravelphotographycreativ.jpg\" \/>\n\t<meta property=\"og:image:width\" content=\"2000\" \/>\n\t<meta property=\"og:image:height\" content=\"1325\" \/>\n\t<meta property=\"og:image:type\" content=\"image\/jpeg\" \/>\n<meta name=\"twitter:card\" content=\"summary_large_image\" \/>\n<script type=\"application\/ld+json\" class=\"yoast-schema-graph\">{\"@context\":\"https:\\\/\\\/schema.org\",\"@graph\":[{\"@type\":\"WebPage\",\"@id\":\"https:\\\/\\\/mathias-pfuetzner.com\\\/en\\\/service-your-production-from-a-to-z\\\/\",\"url\":\"https:\\\/\\\/mathias-pfuetzner.com\\\/en\\\/service-your-production-from-a-to-z\\\/\",\"name\":\"Service - Your production from a to z\",\"isPartOf\":{\"@id\":\"https:\\\/\\\/mathias-pfuetzner.com\\\/en\\\/#website\"},\"primaryImageOfPage\":{\"@id\":\"https:\\\/\\\/mathias-pfuetzner.com\\\/en\\\/service-your-production-from-a-to-z\\\/#primaryimage\"},\"image\":{\"@id\":\"https:\\\/\\\/mathias-pfuetzner.com\\\/en\\\/service-your-production-from-a-to-z\\\/#primaryimage\"},\"thumbnailUrl\":\"https:\\\/\\\/mathias-pfuetzner.com\\\/wp-content\\\/uploads\\\/2022\\\/11\\\/PhotoequipmentDigitalCameraFlashLightingFlashTriggerLEDMemoryCardCFSDMicroSDLensesTripodbatteryforHobbytravelphotographycreativ.jpg\",\"datePublished\":\"2021-03-08T21:32:37+00:00\",\"dateModified\":\"2023-05-06T21:14:33+00:00\",\"description\":\"Explore Mathias Pf\u00fctzner's comprehensive production services, offering end-to-end solutions for your photography and videography needs, from planning to post-production.\",\"breadcrumb\":{\"@id\":\"https:\\\/\\\/mathias-pfuetzner.com\\\/en\\\/service-your-production-from-a-to-z\\\/#breadcrumb\"},\"inLanguage\":\"en-US\",\"potentialAction\":[{\"@type\":\"ReadAction\",\"target\":[\"https:\\\/\\\/mathias-pfuetzner.com\\\/en\\\/service-your-production-from-a-to-z\\\/\"]}]},{\"@type\":\"ImageObject\",\"inLanguage\":\"en-US\",\"@id\":\"https:\\\/\\\/mathias-pfuetzner.com\\\/en\\\/service-your-production-from-a-to-z\\\/#primaryimage\",\"url\":\"https:\\\/\\\/mathias-pfuetzner.com\\\/wp-content\\\/uploads\\\/2022\\\/11\\\/PhotoequipmentDigitalCameraFlashLightingFlashTriggerLEDMemoryCardCFSDMicroSDLensesTripodbatteryforHobbytravelphotographycreativ.jpg\",\"contentUrl\":\"https:\\\/\\\/mathias-pfuetzner.com\\\/wp-content\\\/uploads\\\/2022\\\/11\\\/PhotoequipmentDigitalCameraFlashLightingFlashTriggerLEDMemoryCardCFSDMicroSDLensesTripodbatteryforHobbytravelphotographycreativ.jpg\",\"width\":2000,\"height\":1325,\"caption\":\"Photo equipment Digital Camera, Flash Lighting, Flash Trigger, LED, Memory Card CF SD MicroSD, Lenses, Tripod, battery for Hobby travel photography creative designer, Technology Development Concept. On wooden background Copy space Top View\"},{\"@type\":\"BreadcrumbList\",\"@id\":\"https:\\\/\\\/mathias-pfuetzner.com\\\/en\\\/service-your-production-from-a-to-z\\\/#breadcrumb\",\"itemListElement\":[{\"@type\":\"ListItem\",\"position\":1,\"name\":\"Startseite\",\"item\":\"https:\\\/\\\/mathias-pfuetzner.com\\\/en\\\/\"},{\"@type\":\"ListItem\",\"position\":2,\"name\":\"Service &#8211; Your production from a to z\"}]},{\"@type\":\"WebSite\",\"@id\":\"https:\\\/\\\/mathias-pfuetzner.com\\\/en\\\/#website\",\"url\":\"https:\\\/\\\/mathias-pfuetzner.com\\\/en\\\/\",\"name\":\"Mathias Pf\u00fctzner Sportfotograf f\u00fcr kreative Werbung in Social Media und Print\",\"description\":\"Atemberaubende Sportbilder und Content-Produktion f\u00fcr kreative Werbung, Sportler, Verb\u00e4nde und Vereine in Deutschland und weltweit.\",\"publisher\":{\"@id\":\"https:\\\/\\\/mathias-pfuetzner.com\\\/en\\\/#organization\"},\"potentialAction\":[{\"@type\":\"SearchAction\",\"target\":{\"@type\":\"EntryPoint\",\"urlTemplate\":\"https:\\\/\\\/mathias-pfuetzner.com\\\/en\\\/?s={search_term_string}\"},\"query-input\":{\"@type\":\"PropertyValueSpecification\",\"valueRequired\":true,\"valueName\":\"search_term_string\"}}],\"inLanguage\":\"en-US\"},{\"@type\":\"Organization\",\"@id\":\"https:\\\/\\\/mathias-pfuetzner.com\\\/en\\\/#organization\",\"name\":\"Mathias Pf\u00fctzner\",\"url\":\"https:\\\/\\\/mathias-pfuetzner.com\\\/en\\\/\",\"logo\":{\"@type\":\"ImageObject\",\"inLanguage\":\"en-US\",\"@id\":\"https:\\\/\\\/mathias-pfuetzner.com\\\/en\\\/#\\\/schema\\\/logo\\\/image\\\/\",\"url\":\"https:\\\/\\\/mathias-pfuetzner.com\\\/wp-content\\\/uploads\\\/2022\\\/07\\\/Logo.png\",\"contentUrl\":\"https:\\\/\\\/mathias-pfuetzner.com\\\/wp-content\\\/uploads\\\/2022\\\/07\\\/Logo.png\",\"width\":70,\"height\":94,\"caption\":\"Mathias Pf\u00fctzner\"},\"image\":{\"@id\":\"https:\\\/\\\/mathias-pfuetzner.com\\\/en\\\/#\\\/schema\\\/logo\\\/image\\\/\"},\"sameAs\":[\"https:\\\/\\\/www.facebook.com\\\/mathiaspfuetzner\",\"https:\\\/\\\/instagram.com\\\/mathiaspfuetzner\",\"https:\\\/\\\/www.linkedin.com\\\/in\\\/mathiaspfuetzner\\\/\",\"https:\\\/\\\/www.pinterest.de\\\/mathiaspfuetzner\\\/\",\"https:\\\/\\\/www.youtube.com\\\/channel\\\/UCDXg8B22zu-gdZSjNHtvRBA\"]}]}<\/script>\n<!-- \/ Yoast SEO plugin. -->","yoast_head_json":{"title":"Service - Your production from a to z","description":"Explore Mathias Pf\u00fctzner's comprehensive production services, offering end-to-end solutions for your photography and videography needs, from planning to post-production.","robots":{"index":"index","follow":"follow","max-snippet":"max-snippet:-1","max-image-preview":"max-image-preview:large","max-video-preview":"max-video-preview:-1"},"canonical":"https:\/\/mathias-pfuetzner.com\/en\/service-your-production-from-a-to-z\/","og_locale":"en_US","og_type":"article","og_title":"Service - Your production from a to z","og_description":"Explore Mathias Pf\u00fctzner's comprehensive production services, offering end-to-end solutions for your photography and videography needs, from planning to post-production.","og_url":"https:\/\/mathias-pfuetzner.com\/en\/service-your-production-from-a-to-z\/","og_site_name":"Mathias Pf\u00fctzner Sportfotograf f\u00fcr kreative Werbung in Social Media und Print","article_publisher":"https:\/\/www.facebook.com\/mathiaspfuetzner","article_modified_time":"2023-05-06T21:14:33+00:00","og_image":[{"width":2000,"height":1325,"url":"https:\/\/mathias-pfuetzner.com\/wp-content\/uploads\/2022\/11\/PhotoequipmentDigitalCameraFlashLightingFlashTriggerLEDMemoryCardCFSDMicroSDLensesTripodbatteryforHobbytravelphotographycreativ.jpg","type":"image\/jpeg"}],"twitter_card":"summary_large_image","schema":{"@context":"https:\/\/schema.org","@graph":[{"@type":"WebPage","@id":"https:\/\/mathias-pfuetzner.com\/en\/service-your-production-from-a-to-z\/","url":"https:\/\/mathias-pfuetzner.com\/en\/service-your-production-from-a-to-z\/","name":"Service - Your production from a to z","isPartOf":{"@id":"https:\/\/mathias-pfuetzner.com\/en\/#website"},"primaryImageOfPage":{"@id":"https:\/\/mathias-pfuetzner.com\/en\/service-your-production-from-a-to-z\/#primaryimage"},"image":{"@id":"https:\/\/mathias-pfuetzner.com\/en\/service-your-production-from-a-to-z\/#primaryimage"},"thumbnailUrl":"https:\/\/mathias-pfuetzner.com\/wp-content\/uploads\/2022\/11\/PhotoequipmentDigitalCameraFlashLightingFlashTriggerLEDMemoryCardCFSDMicroSDLensesTripodbatteryforHobbytravelphotographycreativ.jpg","datePublished":"2021-03-08T21:32:37+00:00","dateModified":"2023-05-06T21:14:33+00:00","description":"Explore Mathias Pf\u00fctzner's comprehensive production services, offering end-to-end solutions for your photography and videography needs, from planning to post-production.","breadcrumb":{"@id":"https:\/\/mathias-pfuetzner.com\/en\/service-your-production-from-a-to-z\/#breadcrumb"},"inLanguage":"en-US","potentialAction":[{"@type":"ReadAction","target":["https:\/\/mathias-pfuetzner.com\/en\/service-your-production-from-a-to-z\/"]}]},{"@type":"ImageObject","inLanguage":"en-US","@id":"https:\/\/mathias-pfuetzner.com\/en\/service-your-production-from-a-to-z\/#primaryimage","url":"https:\/\/mathias-pfuetzner.com\/wp-content\/uploads\/2022\/11\/PhotoequipmentDigitalCameraFlashLightingFlashTriggerLEDMemoryCardCFSDMicroSDLensesTripodbatteryforHobbytravelphotographycreativ.jpg","contentUrl":"https:\/\/mathias-pfuetzner.com\/wp-content\/uploads\/2022\/11\/PhotoequipmentDigitalCameraFlashLightingFlashTriggerLEDMemoryCardCFSDMicroSDLensesTripodbatteryforHobbytravelphotographycreativ.jpg","width":2000,"height":1325,"caption":"Photo equipment Digital Camera, Flash Lighting, Flash Trigger, LED, Memory Card CF SD MicroSD, Lenses, Tripod, battery for Hobby travel photography creative designer, Technology Development Concept. On wooden background Copy space Top View"},{"@type":"BreadcrumbList","@id":"https:\/\/mathias-pfuetzner.com\/en\/service-your-production-from-a-to-z\/#breadcrumb","itemListElement":[{"@type":"ListItem","position":1,"name":"Startseite","item":"https:\/\/mathias-pfuetzner.com\/en\/"},{"@type":"ListItem","position":2,"name":"Service &#8211; Your production from a to z"}]},{"@type":"WebSite","@id":"https:\/\/mathias-pfuetzner.com\/en\/#website","url":"https:\/\/mathias-pfuetzner.com\/en\/","name":"Mathias Pf\u00fctzner Sportfotograf f\u00fcr kreative Werbung in Social Media und Print","description":"Atemberaubende Sportbilder und Content-Produktion f\u00fcr kreative Werbung, Sportler, Verb\u00e4nde und Vereine in Deutschland und weltweit.","publisher":{"@id":"https:\/\/mathias-pfuetzner.com\/en\/#organization"},"potentialAction":[{"@type":"SearchAction","target":{"@type":"EntryPoint","urlTemplate":"https:\/\/mathias-pfuetzner.com\/en\/?s={search_term_string}"},"query-input":{"@type":"PropertyValueSpecification","valueRequired":true,"valueName":"search_term_string"}}],"inLanguage":"en-US"},{"@type":"Organization","@id":"https:\/\/mathias-pfuetzner.com\/en\/#organization","name":"Mathias Pf\u00fctzner","url":"https:\/\/mathias-pfuetzner.com\/en\/","logo":{"@type":"ImageObject","inLanguage":"en-US","@id":"https:\/\/mathias-pfuetzner.com\/en\/#\/schema\/logo\/image\/","url":"https:\/\/mathias-pfuetzner.com\/wp-content\/uploads\/2022\/07\/Logo.png","contentUrl":"https:\/\/mathias-pfuetzner.com\/wp-content\/uploads\/2022\/07\/Logo.png","width":70,"height":94,"caption":"Mathias Pf\u00fctzner"},"image":{"@id":"https:\/\/mathias-pfuetzner.com\/en\/#\/schema\/logo\/image\/"},"sameAs":["https:\/\/www.facebook.com\/mathiaspfuetzner","https:\/\/instagram.com\/mathiaspfuetzner","https:\/\/www.linkedin.com\/in\/mathiaspfuetzner\/","https:\/\/www.pinterest.de\/mathiaspfuetzner\/","https:\/\/www.youtube.com\/channel\/UCDXg8B22zu-gdZSjNHtvRBA"]}]}},"_links":{"self":[{"href":"https:\/\/mathias-pfuetzner.com\/en\/wp-json\/wp\/v2\/pages\/581","targetHints":{"allow":["GET"]}}],"collection":[{"href":"https:\/\/mathias-pfuetzner.com\/en\/wp-json\/wp\/v2\/pages"}],"about":[{"href":"https:\/\/mathias-pfuetzner.com\/en\/wp-json\/wp\/v2\/types\/page"}],"author":[{"embeddable":true,"href":"https:\/\/mathias-pfuetzner.com\/en\/wp-json\/wp\/v2\/users\/1"}],"replies":[{"embeddable":true,"href":"https:\/\/mathias-pfuetzner.com\/en\/wp-json\/wp\/v2\/comments?post=581"}],"version-history":[{"count":2,"href":"https:\/\/mathias-pfuetzner.com\/en\/wp-json\/wp\/v2\/pages\/581\/revisions"}],"predecessor-version":[{"id":1600,"href":"https:\/\/mathias-pfuetzner.com\/en\/wp-json\/wp\/v2\/pages\/581\/revisions\/1600"}],"wp:featuredmedia":[{"embeddable":true,"href":"https:\/\/mathias-pfuetzner.com\/en\/wp-json\/wp\/v2\/media\/1344"}],"wp:attachment":[{"href":"https:\/\/mathias-pfuetzner.com\/en\/wp-json\/wp\/v2\/media?parent=581"}],"curies":[{"name":"wp","href":"https:\/\/api.w.org\/{rel}","templated":true}]}}